{"id":127,"date":"2024-10-03T08:06:33","date_gmt":"2024-10-03T08:06:33","guid":{"rendered":"https:\/\/erbor.pl\/?page_id=127"},"modified":"2024-10-03T15:59:25","modified_gmt":"2024-10-03T15:59:25","slug":"o-nas","status":"publish","type":"page","link":"https:\/\/erbor.pl\/index.php\/o-nas\/","title":{"rendered":"O nas"},"content":{"rendered":"\n<p><strong>Monta\u017c Prefabrykat\u00f3w \u2013 Tw\u00f3j Partner w Budowie!<\/strong><\/p>\n\n\n\n<p>Szukasz sprawdzonego rozwi\u0105zania dla swojego projektu budowlanego? Nasza firma oferuje profesjonalny monta\u017c element\u00f3w prefabrykowanych, kt\u00f3ry przyspieszy Twoj\u0105 inwestycj\u0119 i zapewni najwy\u017csz\u0105 jako\u015b\u0107 wykonania.<\/p>\n\n\n\n<p><strong>Dlaczego warto wybra\u0107 nas?<\/strong><\/p>\n\n\n\n<p>\u2705 <strong>Do\u015bwiadczenie<\/strong> \u2013 Posiadamy wieloletnie do\u015bwiadczenie w bran\u017cy budowlanej, co pozwala nam na sprawne i bezpieczne realizowanie ka\u017cdego zlecenia.<\/p>\n\n\n\n<p>\u2705 <strong>Profesjonalizm<\/strong> \u2013 Nasz zesp\u00f3\u0142 to wykwalifikowani specjali\u015bci, kt\u00f3rzy dbaj\u0105 o ka\u017cdy detal, aby efekt ko\u0144cowy spe\u0142nia\u0142 oczekiwania naszych Klient\u00f3w.<\/p>\n\n\n\n<p>\u2705 <strong>Efektywno\u015b\u0107<\/strong> \u2013 Dzi\u0119ki zastosowaniu prefabrykat\u00f3w, skracamy czas realizacji budowy, co przek\u0142ada si\u0119 na oszcz\u0119dno\u015bci i wi\u0119ksz\u0105 satysfakcj\u0119.<\/p>\n\n\n\n<p>\u2705 <strong>Bezpiecze\u0144stwo<\/strong> \u2013 Stosujemy najwy\u017csze standardy bezpiecze\u0144stwa, aby zapewni\u0107 bezproblemowy przebieg prac.<\/p>\n\n\n\n<p>Nie czekaj! Skontaktuj si\u0119 z nami ju\u017c dzi\u015b, aby dowiedzie\u0107 si\u0119, jak mo\u017cemy pom\u00f3c w realizacji Twojego projektu. Zainwestuj w jako\u015b\u0107 i do\u015bwiadczenie \u2013 wybierz nas jako swojego partnera na budowie!<\/p>\n","protected":false},"excerpt":{"rendered":"<p>Monta\u017c Prefabrykat\u00f3w \u2013 Tw\u00f3j Partner w Budowie! Szukasz sprawdzonego rozwi\u0105zania dla swojego projektu budowlanego? Nasza firma oferuje profesjonalny monta\u017c element\u00f3w prefabrykowanych, kt\u00f3ry przyspieszy Twoj\u0105 inwestycj\u0119 i zapewni najwy\u017csz\u0105 jako\u015b\u0107 wykonania. &hellip; <\/p>\n","protected":false},"author":1,"featured_media":0,"parent":0,"menu_order":0,"comment_status":"closed","ping_status":"closed","template":"","meta":{"footnotes":""},"class_list":["post-127","page","type-page","status-publish","hentry"],"_links":{"self":[{"href":"https:\/\/erbor.pl\/index.php\/wp-json\/wp\/v2\/pages\/127","targetHints":{"allow":["GET"]}}],"collection":[{"href":"https:\/\/erbor.pl\/index.php\/wp-json\/wp\/v2\/pages"}],"about":[{"href":"https:\/\/erbor.pl\/index.php\/wp-json\/wp\/v2\/types\/page"}],"author":[{"embeddable":true,"href":"https:\/\/erbor.pl\/index.php\/wp-json\/wp\/v2\/users\/1"}],"replies":[{"embeddable":true,"href":"https:\/\/erbor.pl\/index.php\/wp-json\/wp\/v2\/comments?post=127"}],"version-history":[{"count":3,"href":"https:\/\/erbor.pl\/index.php\/wp-json\/wp\/v2\/pages\/127\/revisions"}],"predecessor-version":[{"id":276,"href":"https:\/\/erbor.pl\/index.php\/wp-json\/wp\/v2\/pages\/127\/revisions\/276"}],"wp:attachment":[{"href":"https:\/\/erbor.pl\/index.php\/wp-json\/wp\/v2\/media?parent=127"}],"curies":[{"name":"wp","href":"https:\/\/api.w.org\/{rel}","templated":true}]}}